{"id":88000,"date":"2021-03-24T10:35:34","date_gmt":"2021-03-24T10:35:34","guid":{"rendered":"http:\/\/karinedana.fr\/?page_id=88000"},"modified":"2021-09-20T16:30:21","modified_gmt":"2021-09-20T16:30:21","slug":"sujok","status":"publish","type":"page","link":"https:\/\/karinedana.com\/he\/sujok","title":{"rendered":"Sujok"},"content":{"rendered":"<div class=\"wpb-content-wrapper\"><div data-parent=\"true\" class=\"vc_row row-container with-parallax\" id=\"row-unique-0\"><div class=\"row-background background-element\">\n\t\t\t\t\t\t\t\t\t\t\t<div class=\"background-wrapper\">\n\t\t\t\t\t\t\t\t\t\t\t\t<div class=\"background-inner\" style=\"background-image: url(https:\/\/karinedana.com\/wp-content\/uploads\/2021\/03\/acupuncture-hand-massage-for-black-woman-at-spa-MJFHRBL-scaled.jpg);background-repeat: no-repeat;background-position: center center;background-size: cover;\"><\/div>\n\t\t\t\t\t\t\t\t\t\t\t\t<div class=\"block-bg-overlay style-color-wayh-bg\" style=\"opacity: 0.3;\"><\/div>\n\t\t\t\t\t\t\t\t\t\t\t<\/div>\n\t\t\t\t\t\t\t\t\t\t<\/div><div class=\"row double-top-padding double-bottom-padding single-h-padding full-width row-parent\" data-height-ratio=\"50\"><div class=\"wpb_row row-inner\"><div class=\"wpb_column pos-middle pos-center align_center column_parent col-lg-12 single-internal-gutter\"><div class=\"uncol style-dark\"  ><div class=\"uncoltable\"><div class=\"uncell\" ><div class=\"uncont no-block-padding col-custom-width\" style=\" max-width:900px;\" ><div class=\"vc_custom_heading_wrap\"><div class=\"heading-text el-text\" ><h2 class=\"fontsize-338686\" ><span>Sujok<\/span><\/h2><\/div><div class=\"clear\"><\/div><\/div><\/div><\/div><\/div><\/div><\/div><script id=\"script-row-unique-0\" data-row=\"script-row-unique-0\" type=\"text\/javascript\" class=\"vc_controls\">UNCODE.initRow(document.getElementById(\"row-unique-0\"));<\/script><\/div><\/div><\/div><div data-parent=\"true\" class=\"vc_row row-container\" id=\"row-unique-1\"><div class=\"row double-top-padding single-bottom-padding single-h-padding limit-width row-parent\"><div class=\"wpb_row row-inner\"><div class=\"wpb_column pos-top pos-center align_left column_parent col-lg-12 single-internal-gutter\"><div class=\"uncol style-light\"  ><div class=\"uncoltable\"><div class=\"uncell no-block-padding\" ><div class=\"uncont\" ><div class=\"uncode_text_column\" ><\/p>\n<p class=\"font_7\">\u05e1\u05d5 \u05d2\u05f3\u05d5\u05e7 \u05d4\u05d5\u05d0 \u05d8\u05d9\u05e4\u05d5\u05dc \u05d1\u05d0\u05e0\u05e8\u05d2\u05d9\u05d4, \u05e9\u05e0\u05d5\u05e1\u05d3 \u05e2\u05dc \u05d9\u05d3\u05d9 \u05d4\u05e4\u05e8\u05d5\u05e4\u05e1\u05d5\u05e8 \u05e7\u05d5\u05e8\u05d9\u05d0\u05e0\u05d9 \u05d3\"\u05e8 \u05e4\u05d0\u05e8\u05e7 \u05d2'\u05d4 \u05d5\u05d5 (1942-2010) . \u05d4\u05e9\u05d9\u05d8\u05d4 \u05e8\u05d5\u05d0\u05d4 \u05d4\u05e9\u05ea\u05e7\u05e4\u05d5\u05ea \u05e9\u05dc \u05d0\u05d9\u05d1\u05e8\u05d9 \u05d2\u05d5\u05e3 \u05d4\u05d0\u05d3\u05dd \u05d1\u05db\u05e3 \u05d4\u05d9\u05d3 \u05d0\u05e9\u05e8 \u05de\u05d4\u05d5\u05d5\u05d4 \u05e2\u05e8\u05d5\u05e5 \u05d8\u05d9\u05e4\u05d5\u05dc \u05d1\u05de\u05e6\u05d1\u05d9 \u05db\u05d0\u05d1 \u05d5\u05de\u05d7\u05dc\u05d4. <strong>Sujok<\/strong> \u05db\u05dc\u05d5\u05de\u05e8 \u05d4\u05e9\u05d9\u05d8\u05d4 \u05d1\u05e0\u05d5\u05d9\u05d4 \u05e2\u05dc \u05d8\u05d9\u05e4\u05d5\u05dc \u05dc\u05dc\u05d0 \u05e6\u05d5\u05e8\u05da \u05d1\u05de\u05d2\u05e2 \u05d9\u05e9\u05d9\u05e8 \u05d1\u05d0\u05d9\u05d1\u05e8 \u05e4\u05e0\u05d9\u05de\u05d9 \u05d7\u05d5\u05dc\u05d4 \u05d5\u05db\u05d5\u05d0\u05d1.<\/p>\n<p class=\"font_8\">\u05d1\u05e9\u05d9\u05d8\u05d4 \u05d6\u05d5 \u05de\u05e9\u05ea\u05de\u05e9\u05d9\u05dd \u05d1\u05de\u05d2\u05d5\u05d5\u05df \u05e8\u05d7\u05d1 \u05de\u05d0\u05d5\u05d3 \u05e9\u05dc \u05d8\u05db\u05e0\u05d9\u05e7\u05d5\u05ea \u05d2\u05d9\u05e8\u05d5\u05d9 \u05db\u05e3 \u05d4\u05d9\u05d3 \u05db\u05d2\u05d5\u05df:<\/p>\n<p class=\"font_8\">Cette m\u00e9thode utilise un \u00e9ventail tr\u00e8s large de techniques\u00a0:<\/p>\n<ul>\n<li class=\"font_8\">\u05e2\u05d9\u05e1\u05d5\u05d9\u05d9\u05dd<\/li>\n<li class=\"font_8\">\u05dc\u05d7\u05e6\u05d9\u05dd<\/li>\n<li class=\"font_8\">\u05de\u05d7\u05d8\u05d9 \u05d3\u05d9\u05e7\u05d5\u05e8<\/li>\n<li class=\"font_8\">\u05d6\u05e8\u05e2\u05d9\u05dd<\/li>\n<li class=\"font_8\">\u05e6\u05d1\u05e2\u05d9\u05dd \u05dc\u05d4\u05e4\u05d2\u05ea \u05db\u05d0\u05d1<\/li>\n<li class=\"font_8\">\u05d4\u05d8\u05d9\u05e4\u05d5\u05dc \u05de\u05e7\u05dc \u05e2\u05dc \u05db\u05d0\u05d1 \u05d1\u05d0\u05d5\u05e4\u05df \u05de\u05d9\u05d9\u05d3\u05d9, \u05de\u05e4\u05d7\u05d9\u05ea \u05dc\u05d7\u05e6\u05d9\u05dd, \u05de\u05d7\u05d3\u05e9 \u05d0\u05ea \u05d4\u05d0\u05e0\u05e8\u05d2\u05d9\u05d4 \u05d5\u05de\u05d0\u05d6\u05df \u05d0\u05ea \u05d4\u05d2\u05d5\u05e3.<\/li>\n<\/ul>\n<p>\u05dc\u05de\u05d4 \u05de\u05d9\u05d5\u05e2\u05d3\u05ea \u05d4\u05e1\u05d5\u05e4\u05e8\u05d5\u05dc\u05d5\u05d2\u05d9\u05d4?<\/p>\n<ul>\n<li class=\"font_8\">\u05dc\u05d4\u05e4\u05d7\u05ea\u05ea \u05db\u05d0\u05d1\u05d9\u05dd<\/li>\n<li class=\"font_8\">\u05dc\u05e0\u05d9\u05d4\u05d5\u05dc \u05dc\u05d7\u05e6\u05d9\u05dd \u05d5\u05e4\u05d5\u05b9\u05d1\u05bc\u05d9\u05b8\u05d4<\/li>\n<li class=\"font_8\">\u05dc\u05e0\u05d9\u05d4\u05d5\u05dc \u05dc\u05d7\u05e6\u05d9\u05dd \u05d5\u05e4\u05d5\u05b9\u05d1\u05bc\u05d9\u05b8\u05d4<\/li>\n<\/ul>\n<p class=\"font_8\">\u05d0\u05dd \u05d0\u05ea\u05dd \u05e1\u05d5\u05d1\u05dc\u05d9\u05dd \u05de\u05db\u05d0\u05d1\u05d9\u05dd \u05db\u05e8\u05d5\u05e0\u05d9\u05d9\u05dd \u05d0\u05d5 \u05de\u05d6\u05d3\u05de\u05e0\u05d9\u05dd, \u05d0\u05ea\u05dd \u05de\u05d5\u05d6\u05de\u05e0\u05d9\u05dd \u05dc\u05d4\u05ea\u05d9\u05d9\u05e2\u05e6\u05d5\u05ea. \u05e6\u05e8\u05d5 \u05d0\u05d9\u05ea\u05d9 \u05e7\u05e9\u05e8 \u05d1\u05ea\u05d7\u05ea\u05d9\u05ea \u05d4\u05e2\u05de\u05d5\u05d3.<\/p>\n<p>\n<\/div><div class=\"uncode-single-media  text-center\"><div class=\"single-wrapper\" style=\"max-width: 100%;\"><div class=\"tmb tmb-light  tmb-media-first tmb-media-last tmb-content-overlay tmb-no-bg\"><div class=\"t-inside\"><div class=\"t-entry-visual\"><div class=\"t-entry-visual-tc\"><div class=\"uncode-single-media-wrapper\"><img decoding=\"async\" class=\"wp-image-88003\" src=\"https:\/\/karinedana.com\/wp-content\/uploads\/2021\/03\/Sujok-1-e1616582091422.png\" width=\"1601\" height=\"686\" alt=\"\" srcset=\"https:\/\/karinedana.com\/wp-content\/uploads\/2021\/03\/Sujok-1-e1616582091422.png 1601w, https:\/\/karinedana.com\/wp-content\/uploads\/2021\/03\/Sujok-1-e1616582091422-300x129.png 300w, https:\/\/karinedana.com\/wp-content\/uploads\/2021\/03\/Sujok-1-e1616582091422-1024x439.png 1024w, https:\/\/karinedana.com\/wp-content\/uploads\/2021\/03\/Sujok-1-e1616582091422-768x329.png 768w, https:\/\/karinedana.com\/wp-content\/uploads\/2021\/03\/Sujok-1-e1616582091422-1536x658.png 1536w\" sizes=\"(max-width: 1601px) 100vw, 1601px\" \/><\/div>\n\t\t\t\t\t<\/div>\n\t\t\t\t<\/div><\/div><\/div><\/div><\/div><\/div><\/div><\/div><\/div><\/div><script id=\"script-row-unique-1\" data-row=\"script-row-unique-1\" type=\"text\/javascript\" class=\"vc_controls\">UNCODE.initRow(document.getElementById(\"row-unique-1\"));<\/script><\/div><\/div><\/div><div data-parent=\"true\" class=\"vc_row row-container\" id=\"row-unique-3\"><div class=\"row unequal col-no-gutter no-top-padding no-bottom-padding no-h-padding full-width row-parent\"><div class=\"wpb_row row-inner\"><div class=\"wpb_column pos-top pos-center align_left column_parent col-lg-4 single-internal-gutter\"><div class=\"uncol style-light\"  ><div class=\"uncoltable\"><div class=\"uncell single-block-padding style-color-lxmt-bg\" ><div class=\"uncont\" style=\" max-width:85%;\" ><div class=\"uncode_text_column\" ><h2>\u05db\u05ea\u05d1\u05d5 \u05dc\u05d9,<\/h2>\n<p>\u05dc\u05db\u05dc \u05e2\u05e0\u05d9\u05d9\u05df \u05d0\u05d5 \u05e9\u05d0\u05dc\u05d4, \u05d4\u05e0\u05db\u05dd \u05de\u05d5\u05d6\u05de\u05e0\u05d9\u05dd \u05dc\u05d9\u05e6\u05d5\u05e8 \u05e7\u05e9\u05e8,<\/p>\n<p>\u05de\u05d1\u05d8\u05d9\u05d7\u05d4 \u05dc\u05d7\u05d6\u05d5\u05e8 \u05d0\u05dc\u05d9\u05da \u05d1\u05d4\u05e7\u05d3\u05dd<\/p>\n<\/div><span class=\"btn-container\" ><a role=\"button\"  href=\"https:\/\/karinedana.com\/he\/contact\/\" class=\"custom-link btn btn-lg border-width-0 btn-default btn-icon-left\" title=\"\u05e6\u05e8\u05d5 \u05e7\u05e9\u05e8\" target=\"_blank\">\u05e6\u05e8\u05d5 \u05e7\u05e9\u05e8<\/a><\/span><\/div><\/div><\/div><\/div><\/div><div class=\"wpb_column pos-top pos-center align_right column_parent col-lg-8 single-internal-gutter\"><div class=\"uncol style-light\"  ><div class=\"uncoltable\"><div class=\"uncell single-block-padding style-color-gyho-bg\" ><div class=\"uncont\" >\n<div class=\"wpcf7 no-js\" id=\"wpcf7-f88010-o1\" lang=\"fr-FR\" dir=\"ltr\" data-wpcf7-id=\"88010\">\n<div class=\"screen-reader-response\"><p role=\"status\" aria-live=\"polite\" aria-atomic=\"true\"><\/p> <ul><\/ul><\/div>\n<form action=\"\/he\/wp-json\/wp\/v2\/pages\/88000#wpcf7-f88010-o1\" method=\"post\" class=\"wpcf7-form init\" aria-label=\"Formulaire de contact\" novalidate=\"novalidate\" data-status=\"init\" data-trp-original-action=\"\/he\/wp-json\/wp\/v2\/pages\/88000#wpcf7-f88010-o1\">\n<fieldset class=\"hidden-fields-container\"><input type=\"hidden\" name=\"_wpcf7\" value=\"88010\" \/><input type=\"hidden\" name=\"_wpcf7_version\" value=\"6.1.5\" \/><input type=\"hidden\" name=\"_wpcf7_locale\" value=\"fr_FR\" \/><input type=\"hidden\" name=\"_wpcf7_unit_tag\" value=\"wpcf7-f88010-o1\" \/><input type=\"hidden\" name=\"_wpcf7_container_post\" value=\"0\" \/><input type=\"hidden\" name=\"_wpcf7_posted_data_hash\" value=\"\" \/>\n<\/fieldset>\n<div class=\"wpcf7-inline-wrapper\">\n\t<p class=\"wpcf7-inline-field\"><span class=\"wpcf7-form-control-wrap\" data-name=\"your-surname\"><input size=\"40\" maxlength=\"400\" class=\"wpcf7-form-control wpcf7-text wpcf7-validates-as-required form-fluid\" aria-required=\"true\" aria-invalid=\"false\" placeholder=\"\u05e9\u05dd \u05e4\u05e8\u05d8\u05d9\" value=\"\" type=\"text\" name=\"your-surname\" \/><\/span>\n\t<\/p>\n\t<p class=\"wpcf7-inline-field\"><span class=\"wpcf7-form-control-wrap\" data-name=\"your-name\"><input size=\"40\" maxlength=\"400\" class=\"wpcf7-form-control wpcf7-text wpcf7-validates-as-required\" aria-required=\"true\" aria-invalid=\"false\" placeholder=\"\u05e9\u05dd \u05de\u05e9\u05e4\u05d7\u05d4\" value=\"\" type=\"text\" name=\"your-name\" \/><\/span>\n\t<\/p>\n<\/div>\n<div class=\"wpcf7-inline-wrapper\">\n\t<p class=\"wpcf7-inline-field\"><span class=\"wpcf7-form-control-wrap\" data-name=\"your-email\"><input size=\"40\" maxlength=\"400\" class=\"wpcf7-form-control wpcf7-email wpcf7-validates-as-required wpcf7-text wpcf7-validates-as-email\" aria-required=\"true\" aria-invalid=\"false\" placeholder=\"\u05d0\u05d9\u05de\u05d9\u05d9\u05dc\" value=\"\" type=\"email\" name=\"your-email\" \/><\/span>\n\t<\/p>\n\t<p class=\"wpcf7-inline-field\"><span class=\"wpcf7-form-control-wrap\" data-name=\"your-telephone\"><input size=\"40\" maxlength=\"400\" class=\"wpcf7-form-control wpcf7-text wpcf7-validates-as-required form-fluid\" aria-required=\"true\" aria-invalid=\"false\" placeholder=\"\u05d8\u05dc\u05e4\u05d5\u05df\" value=\"\" type=\"text\" name=\"your-telephone\" \/><\/span>\n\t<\/p>\n<\/div>\n<p class=\"wpcf7-inline-field\"><span class=\"wpcf7-form-control-wrap\" data-name=\"your-object\"><input size=\"40\" maxlength=\"400\" class=\"wpcf7-form-control wpcf7-text wpcf7-validates-as-required form-fluid\" aria-required=\"true\" aria-invalid=\"false\" placeholder=\"\u05e0\u05d5\u05e9\u05d0\" value=\"\" type=\"text\" name=\"your-object\" \/><\/span>\n<\/p>\n<p><span class=\"wpcf7-form-control-wrap\" data-name=\"your-message\"><textarea cols=\"40\" rows=\"2\" maxlength=\"2000\" class=\"wpcf7-form-control wpcf7-textarea\" aria-invalid=\"false\" placeholder=\"\u05db\u05ea\u05d1\u05d5 \u05dc\u05d9\" name=\"your-message\"><\/textarea><\/span>\n<\/p>\n<p><input class=\"wpcf7-form-control wpcf7-submit has-spinner btn btn-accent\" type=\"submit\" value=\"\u05e9\u05dc\u05d7\u05d5\" \/>\n<\/p><div class=\"wpcf7-response-output\" aria-hidden=\"true\"><\/div>\n<input type=\"hidden\" name=\"trp-form-language\" value=\"he\"\/><\/form>\n<\/div>\n<\/div><\/div><\/div><\/div><\/div><script id=\"script-row-unique-3\" data-row=\"script-row-unique-3\" type=\"text\/javascript\" class=\"vc_controls\">UNCODE.initRow(document.getElementById(\"row-unique-3\"));<\/script><\/div><\/div><\/div>\n<\/div>","protected":false},"excerpt":{"rendered":"SujokLe Sujok est une th\u00e9rapie \u00e9nerg\u00e9tique, fond\u00e9e par le Docteur Park, Jae Woo, professeur Cor\u00e9en (1942-2010). Des instituts de formations [...]","protected":false},"author":1,"featured_media":88006,"parent":0,"menu_order":0,"comment_status":"closed","ping_status":"closed","template":"","meta":{"footnotes":""},"class_list":["post-88000","page","type-page","status-publish","has-post-thumbnail","hentry"],"yoast_head":"<!-- This site is optimized with the Yoast SEO plugin v27.6 - https:\/\/yoast.com\/product\/yoast-seo-wordpress\/ -->\n<title>Qu&#039;est-ce que sujok ? - Karine Dana<\/title>\n<meta name=\"description\" content=\"Le Sujok se pratique \u00e0 partir de la main, sur les zones de correspondances en liens avec les organes du corps et un travail de r\u00e9\u00e9quilibrage \u00e9nerg\u00e9tique\" \/>\n<meta name=\"robots\" content=\"index, follow, max-snippet:-1, max-image-preview:large, max-video-preview:-1\" \/>\n<link rel=\"canonical\" href=\"https:\/\/karinedana.com\/he\/sujok\/\" \/>\n<meta property=\"og:locale\" content=\"he_IL\" \/>\n<meta property=\"og:type\" content=\"article\" \/>\n<meta property=\"og:title\" content=\"Qu&#039;est-ce que sujok ? - Karine Dana\" \/>\n<meta property=\"og:description\" content=\"Le Sujok se pratique \u00e0 partir de la main, sur les zones de correspondances en liens avec les organes du corps et un travail de r\u00e9\u00e9quilibrage \u00e9nerg\u00e9tique\" \/>\n<meta property=\"og:url\" content=\"https:\/\/karinedana.com\/he\/sujok\/\" \/>\n<meta property=\"og:site_name\" content=\"Karine Dana\" \/>\n<meta property=\"article:modified_time\" content=\"2021-09-20T16:30:21+00:00\" \/>\n<meta property=\"og:image\" content=\"https:\/\/karinedana.com\/wp-content\/uploads\/2021\/03\/acupuncture-hand-massage-for-black-woman-at-spa-MJFHRBL-scaled.jpg\" \/>\n\t<meta property=\"og:image:width\" content=\"2560\" \/>\n\t<meta property=\"og:image:height\" content=\"1707\" \/>\n\t<meta property=\"og:image:type\" content=\"image\/jpeg\" \/>\n<meta name=\"twitter:card\" content=\"summary_large_image\" \/>\n<meta name=\"twitter:label1\" content=\"\u05d6\u05de\u05df \u05e7\u05e8\u05d9\u05d0\u05d4 \u05de\u05d5\u05e2\u05e8\u05da\" \/>\n\t<meta name=\"twitter:data1\" content=\"\u05d3\u05e7\u05d41\" \/>\n<script type=\"application\/ld+json\" class=\"yoast-schema-graph\">{\"@context\":\"https:\\\/\\\/schema.org\",\"@graph\":[{\"@type\":\"WebPage\",\"@id\":\"https:\\\/\\\/karinedana.com\\\/sujok\",\"url\":\"https:\\\/\\\/karinedana.com\\\/sujok\",\"name\":\"Qu'est-ce que sujok ? - Karine Dana\",\"isPartOf\":{\"@id\":\"https:\\\/\\\/karinedana.com\\\/#website\"},\"primaryImageOfPage\":{\"@id\":\"https:\\\/\\\/karinedana.com\\\/sujok#primaryimage\"},\"image\":{\"@id\":\"https:\\\/\\\/karinedana.com\\\/sujok#primaryimage\"},\"thumbnailUrl\":\"https:\\\/\\\/karinedana.com\\\/wp-content\\\/uploads\\\/2021\\\/03\\\/acupuncture-hand-massage-for-black-woman-at-spa-MJFHRBL-scaled.jpg\",\"datePublished\":\"2021-03-24T10:35:34+00:00\",\"dateModified\":\"2021-09-20T16:30:21+00:00\",\"description\":\"Le Sujok se pratique \u00e0 partir de la main, sur les zones de correspondances en liens avec les organes du corps et un travail de r\u00e9\u00e9quilibrage \u00e9nerg\u00e9tique\",\"breadcrumb\":{\"@id\":\"https:\\\/\\\/karinedana.com\\\/sujok#breadcrumb\"},\"inLanguage\":\"he-IL\",\"potentialAction\":[{\"@type\":\"ReadAction\",\"target\":[\"https:\\\/\\\/karinedana.com\\\/sujok\"]}]},{\"@type\":\"ImageObject\",\"inLanguage\":\"he-IL\",\"@id\":\"https:\\\/\\\/karinedana.com\\\/sujok#primaryimage\",\"url\":\"https:\\\/\\\/karinedana.com\\\/wp-content\\\/uploads\\\/2021\\\/03\\\/acupuncture-hand-massage-for-black-woman-at-spa-MJFHRBL-scaled.jpg\",\"contentUrl\":\"https:\\\/\\\/karinedana.com\\\/wp-content\\\/uploads\\\/2021\\\/03\\\/acupuncture-hand-massage-for-black-woman-at-spa-MJFHRBL-scaled.jpg\",\"width\":2560,\"height\":1707,\"caption\":\"Closeup of acupuncture hand massage for black woman at spa salon, copy space\"},{\"@type\":\"BreadcrumbList\",\"@id\":\"https:\\\/\\\/karinedana.com\\\/sujok#breadcrumb\",\"itemListElement\":[{\"@type\":\"ListItem\",\"position\":1,\"name\":\"Accueil\",\"item\":\"https:\\\/\\\/karinedana.com\\\/\"},{\"@type\":\"ListItem\",\"position\":2,\"name\":\"Sujok\"}]},{\"@type\":\"WebSite\",\"@id\":\"https:\\\/\\\/karinedana.com\\\/#website\",\"url\":\"https:\\\/\\\/karinedana.com\\\/\",\"name\":\"Karine Dana\",\"description\":\"Th\u00e9rapeute\",\"publisher\":{\"@id\":\"https:\\\/\\\/karinedana.com\\\/#organization\"},\"potentialAction\":[{\"@type\":\"SearchAction\",\"target\":{\"@type\":\"EntryPoint\",\"urlTemplate\":\"https:\\\/\\\/karinedana.com\\\/?s={search_term_string}\"},\"query-input\":{\"@type\":\"PropertyValueSpecification\",\"valueRequired\":true,\"valueName\":\"search_term_string\"}}],\"inLanguage\":\"he-IL\"},{\"@type\":\"Organization\",\"@id\":\"https:\\\/\\\/karinedana.com\\\/#organization\",\"name\":\"Karine Dana\",\"url\":\"https:\\\/\\\/karinedana.com\\\/\",\"logo\":{\"@type\":\"ImageObject\",\"inLanguage\":\"he-IL\",\"@id\":\"https:\\\/\\\/karinedana.com\\\/#\\\/schema\\\/logo\\\/image\\\/\",\"url\":\"https:\\\/\\\/karinedana.com\\\/wp-content\\\/uploads\\\/2021\\\/03\\\/image-3.png\",\"contentUrl\":\"https:\\\/\\\/karinedana.com\\\/wp-content\\\/uploads\\\/2021\\\/03\\\/image-3.png\",\"width\":210,\"height\":210,\"caption\":\"Karine Dana\"},\"image\":{\"@id\":\"https:\\\/\\\/karinedana.com\\\/#\\\/schema\\\/logo\\\/image\\\/\"}}]}<\/script>\n<!-- \/ Yoast SEO plugin. -->","yoast_head_json":{"title":"Qu'est-ce que sujok ? - Karine Dana","description":"Le Sujok se pratique \u00e0 partir de la main, sur les zones de correspondances en liens avec les organes du corps et un travail de r\u00e9\u00e9quilibrage \u00e9nerg\u00e9tique","robots":{"index":"index","follow":"follow","max-snippet":"max-snippet:-1","max-image-preview":"max-image-preview:large","max-video-preview":"max-video-preview:-1"},"canonical":"https:\/\/karinedana.com\/he\/sujok\/","og_locale":"he_IL","og_type":"article","og_title":"Qu'est-ce que sujok ? - Karine Dana","og_description":"Le Sujok se pratique \u00e0 partir de la main, sur les zones de correspondances en liens avec les organes du corps et un travail de r\u00e9\u00e9quilibrage \u00e9nerg\u00e9tique","og_url":"https:\/\/karinedana.com\/he\/sujok\/","og_site_name":"Karine Dana","article_modified_time":"2021-09-20T16:30:21+00:00","og_image":[{"width":2560,"height":1707,"url":"https:\/\/karinedana.com\/wp-content\/uploads\/2021\/03\/acupuncture-hand-massage-for-black-woman-at-spa-MJFHRBL-scaled.jpg","type":"image\/jpeg"}],"twitter_card":"summary_large_image","twitter_misc":{"\u05d6\u05de\u05df \u05e7\u05e8\u05d9\u05d0\u05d4 \u05de\u05d5\u05e2\u05e8\u05da":"\u05d3\u05e7\u05d41"},"schema":{"@context":"https:\/\/schema.org","@graph":[{"@type":"WebPage","@id":"https:\/\/karinedana.com\/sujok","url":"https:\/\/karinedana.com\/sujok","name":"Qu'est-ce que sujok ? - Karine Dana","isPartOf":{"@id":"https:\/\/karinedana.com\/#website"},"primaryImageOfPage":{"@id":"https:\/\/karinedana.com\/sujok#primaryimage"},"image":{"@id":"https:\/\/karinedana.com\/sujok#primaryimage"},"thumbnailUrl":"https:\/\/karinedana.com\/wp-content\/uploads\/2021\/03\/acupuncture-hand-massage-for-black-woman-at-spa-MJFHRBL-scaled.jpg","datePublished":"2021-03-24T10:35:34+00:00","dateModified":"2021-09-20T16:30:21+00:00","description":"Le Sujok se pratique \u00e0 partir de la main, sur les zones de correspondances en liens avec les organes du corps et un travail de r\u00e9\u00e9quilibrage \u00e9nerg\u00e9tique","breadcrumb":{"@id":"https:\/\/karinedana.com\/sujok#breadcrumb"},"inLanguage":"he-IL","potentialAction":[{"@type":"ReadAction","target":["https:\/\/karinedana.com\/sujok"]}]},{"@type":"ImageObject","inLanguage":"he-IL","@id":"https:\/\/karinedana.com\/sujok#primaryimage","url":"https:\/\/karinedana.com\/wp-content\/uploads\/2021\/03\/acupuncture-hand-massage-for-black-woman-at-spa-MJFHRBL-scaled.jpg","contentUrl":"https:\/\/karinedana.com\/wp-content\/uploads\/2021\/03\/acupuncture-hand-massage-for-black-woman-at-spa-MJFHRBL-scaled.jpg","width":2560,"height":1707,"caption":"Closeup of acupuncture hand massage for black woman at spa salon, copy space"},{"@type":"BreadcrumbList","@id":"https:\/\/karinedana.com\/sujok#breadcrumb","itemListElement":[{"@type":"ListItem","position":1,"name":"Accueil","item":"https:\/\/karinedana.com\/"},{"@type":"ListItem","position":2,"name":"Sujok"}]},{"@type":"WebSite","@id":"https:\/\/karinedana.com\/#website","url":"https:\/\/karinedana.com\/","name":"\u05d0\u05d5\u05d3\u05d5\u05ea\u05d9","description":"Th\u00e9rapeute","publisher":{"@id":"https:\/\/karinedana.com\/#organization"},"potentialAction":[{"@type":"SearchAction","target":{"@type":"EntryPoint","urlTemplate":"https:\/\/karinedana.com\/?s={search_term_string}"},"query-input":{"@type":"PropertyValueSpecification","valueRequired":true,"valueName":"search_term_string"}}],"inLanguage":"he-IL"},{"@type":"Organization","@id":"https:\/\/karinedana.com\/#organization","name":"\u05d0\u05d5\u05d3\u05d5\u05ea\u05d9","url":"https:\/\/karinedana.com\/","logo":{"@type":"ImageObject","inLanguage":"he-IL","@id":"https:\/\/karinedana.com\/#\/schema\/logo\/image\/","url":"https:\/\/karinedana.com\/wp-content\/uploads\/2021\/03\/image-3.png","contentUrl":"https:\/\/karinedana.com\/wp-content\/uploads\/2021\/03\/image-3.png","width":210,"height":210,"caption":"Karine Dana"},"image":{"@id":"https:\/\/karinedana.com\/#\/schema\/logo\/image\/"}}]}},"_links":{"self":[{"href":"https:\/\/karinedana.com\/he\/wp-json\/wp\/v2\/pages\/88000","targetHints":{"allow":["GET"]}}],"collection":[{"href":"https:\/\/karinedana.com\/he\/wp-json\/wp\/v2\/pages"}],"about":[{"href":"https:\/\/karinedana.com\/he\/wp-json\/wp\/v2\/types\/page"}],"author":[{"embeddable":true,"href":"https:\/\/karinedana.com\/he\/wp-json\/wp\/v2\/users\/1"}],"replies":[{"embeddable":true,"href":"https:\/\/karinedana.com\/he\/wp-json\/wp\/v2\/comments?post=88000"}],"version-history":[{"count":5,"href":"https:\/\/karinedana.com\/he\/wp-json\/wp\/v2\/pages\/88000\/revisions"}],"predecessor-version":[{"id":88017,"href":"https:\/\/karinedana.com\/he\/wp-json\/wp\/v2\/pages\/88000\/revisions\/88017"}],"wp:featuredmedia":[{"embeddable":true,"href":"https:\/\/karinedana.com\/he\/wp-json\/wp\/v2\/media\/88006"}],"wp:attachment":[{"href":"https:\/\/karinedana.com\/he\/wp-json\/wp\/v2\/media?parent=88000"}],"curies":[{"name":"wp","href":"https:\/\/api.w.org\/{rel}","templated":true}]}}